{"id":4888,"date":"2021-11-19T03:50:46","date_gmt":"2021-11-18T20:50:46","guid":{"rendered":"https:\/\/landscapesfuture.org\/?page_id=4888"},"modified":"2022-11-11T17:08:33","modified_gmt":"2022-11-11T10:08:33","slug":"que-son-los-enfoques-paisajisticos","status":"publish","type":"page","link":"https:\/\/landscapesfuture.org\/es\/sobre\/que-son-los-enfoques-paisajisticos\/","title":{"rendered":"\u00bfQu\u00e9 son los enfoques de paisaje?"},"content":{"rendered":"<style>\n@media only screen and (max-width: 960px) {\n   #hero-page{\n    background-image:url(\"https:\/\/landscapesfuture.org\/wp-content\/uploads\/2022\/11\/MicrosoftTeams-image-6.jpg\");\n    background-position-y: bottom;\n    background-position-x: center;\n  }\n}\n\n#hero-page::after {\n    position: absolute;\n    content: ' ';\n    z-index: 0;\n    height: 100%;\n    width: 100%;\n    background-color: rgb(0,0,0,0.4);\n    top: 0;\n    left: 0;\n}\n#hero-page.section-bg::before{\nbackground-position-y: -385px;\n}\n\n.page #header #menu a {\n    color: #fff;\n}\n\n.page #header #menu .sub-menu li a{\n  color:#333;\n}\n\n.page #header #menu .sub-menu li a:hover{\n color:#FFFFFF;\n}\n\n.home.page-id-429 #wrapper, .page.page-id-429 #wrapper {\n    margin-top: 82px;\n}\n.home.page-id-429 #header, .page.page-id-429 #header {\n    background-color: #2E3546;\n    border: 0px;\n}\n\n.home.page-id-429 #header.darkHeader #menu a, \n.page.page-id-429 #header.darkHeader #menu a{\n   color:#252122;\n}\n\n.home.page-id-429  #header.darkHeader, .page.page-id-429  #header.darkHeader {\n    background-color: #FFFFFF;\n    border-bottom: 1px solid #ddd;\n}<\/style>\n<!-- section hero -->\n<!-- close div before -->\n        <\/div>\n    <\/article>\n<\/div>\n\n<div id=\"hero-page\" class=\" block-hero-page flex-vcenter section-bg\">\n    <div class=\"block-hero-page_bg\">\n        <img decoding=\"async\" src=\"https:\/\/landscapesfuture.org\/wp-content\/uploads\/2022\/11\/MicrosoftTeams-image-6.jpg\">\n    <\/div>\n    <div class=\"block-hero-page_overlay\"><\/div>\n    <div class=\"block-hero-page_content\">\n        <div class=\"container\">\n\n            <div class=\"hero-page\">\n                <div class=\"hero-page_title text-light\">\n                    <h1>\u00bfQu\u00e9 son los enfoques paisaj\u00edsticos?<\/h1>\n                    <!--<p><\/p>-->\n                                    <\/div>\n            <\/div>\n        <\/div>\n    <\/div>\n<\/div>\n\n<div class=\"container\">\n    <div class=\"row\">\n        <div class=\"col-12\">\n            <div class=\"breadcrumbs\" itemscope itemtype=\"http:\/\/schema.org\/BreadcrumbList\"><span itemprop=\"itemListElement\" itemscope itemtype=\"http:\/\/schema.org\/ListItem\"><a class=\"breadcrumbs__link\" href=\"https:\/\/landscapesfuture.org\/es\/\" itemprop=\"item\"><span itemprop=\"name\">Inicio<\/span><\/a><meta itemprop=\"position\" content=\"1\" \/><\/span><\/div><!-- .breadcrumbs -->        <\/div>\n    <\/div>\n<\/div>\n\n<div class=\"container\">\n    <article id=\"post-4888\" class=\"post-4888 page type-page status-publish hentry\">\n        <div class=\"entry-content\">\n\n\n<h1 class=\"wp-block-heading\">El enfoque del paisaje<\/h1>\n\n\n\n<p>El concepto de Gesti\u00f3n Integrada del Paisaje (ILM, por sus siglas en ingl\u00e9s) se ha elevado en la agenda de desarrollo global en los \u00faltimos a\u00f1os. Aunque se interpreta de diferentes maneras, existe un acuerdo generalizado de que los enfoques integrados son fundamentales para abordar el triple desaf\u00edo de sostener una poblaci\u00f3n humana en crecimiento, prevenir la p\u00e9rdida de biodiversidad y mitigar y adaptarse al cambio clim\u00e1tico.<\/p>\n\n\n\n<blockquote class=\"wp-block-quote is-layout-flow wp-block-quote-is-layout-flow\"><p>Los enfoques de paisaje reconocen las interconexiones entre las personas y la naturaleza en lugares donde los usos productivos de la tierra, como la agricultura, la ganader\u00eda y la miner\u00eda, compiten con los objetivos ambientales y de biodiversidad.<\/p><\/blockquote>\n\n\n\n<p>Dichos enfoques basados en sistemas tienen como objetivo mejorar la asignaci\u00f3n y gesti\u00f3n de la tierra para alcanzar simult\u00e1neamente los objetivos sociales, econ\u00f3micos y ambientales, al mismo tiempo que se preservan los valiosos ecosistemas y los servicios esenciales que brindan.<\/p>\n\n\n\n<p><strong>La aplicaci\u00f3n de tales enfoques<\/strong> exige una comprensi\u00f3n profunda de la multifuncionalidad de los ecosistemas y los sistemas de producci\u00f3n y los roles que desempe\u00f1an todos los actores, as\u00ed como las posibles sinergias y compensaciones entre diferentes sectores, usos de la tierra e instituciones. Esta sensibilidad a las condiciones locales es lo que hace que cada proyecto de ILM sea \u00fanico, ya que los enfoques y las soluciones se adaptan necesariamente a los desaf\u00edos, necesidades e intereses espec\u00edficos del paisaje.<\/p>\n\n\n\n<p><strong>Garantizar que las necesidades y los intereses de todas las partes interesadas se capturen plenamente<\/strong> en las iniciativas de ILM exige procesos de planificaci\u00f3n y estructuras de gobernanza participativos y de m\u00faltiples partes interesadas. Esto ayuda a empoderar a los grupos marginados que con demasiada frecuencia est\u00e1n alejados de los procesos de toma de decisiones, al tiempo que garantiza que las soluciones paisaj\u00edsticas se correspondan plenamente con las pr\u00e1cticas, normas y conocimientos locales.<\/p>\n\n\n\n<p>Aunque en cada paisaje los enfoques de ILM se interpretan y aplican de manera diferente, la mayor\u00eda se basa en un conjunto com\u00fan de principios rectores. Los <a href=\"https:\/\/www.pnas.org\/doi\/10.1073\/pnas.1210595110\">10 principios propuestos por Jeffrey Sayer y sus colegas en 2013 a<\/a> menudo sirven de inspiraci\u00f3n para los proyectos de ILM. Estos principios se relacionan, entre otras cosas, con los procesos de m\u00faltiples partes interesadas, la multifuncionalidad, la participaci\u00f3n, la gesti\u00f3n adaptativa y los puntos de entrada de inter\u00e9s com\u00fan.<\/p>\n\n\n\n<p><em>Ver tambi\u00e9n<\/em><\/p>\n\n\n\n<ul class=\"wp-block-list\"><li><a href=\"https:\/\/news.globallandscapesforum.org\/37802\/a-brief-explainer-of-the-landscape-approach\/\" target=\"_blank\" rel=\"noreferrer noopener\">Una breve explicaci\u00f3n del enfoque del paisaje.<\/a><\/li><li><a href=\"https:\/\/www.cifor.org\/knowledge\/publication\/7800\/\" target=\"_blank\" rel=\"noreferrer noopener\">Puesta en pr\u00e1ctica de enfoques integrados de paisaje en los tr\u00f3picos<\/a> <\/li><li><a href=\"https:\/\/www.cifor.org\/knowledge\/publication\/6767\" target=\"_blank\" rel=\"noreferrer noopener\">El peque\u00f1o libro de paisajes sostenibles: lograr el desarrollo sostenible a trav\u00e9s de la gesti\u00f3n integrada del paisaje<\/a><\/li><\/ul>\n\n\n\n<h1 class=\"wp-block-heading\"><a>Caracter\u00edsticas de la Gesti\u00f3n Integrada del Paisaje (ILM)<\/a><\/h1>\n\n\n\n<p><strong>Nuestra experiencia sugiere que ILM es un <em>proceso<\/em> para gestionar las demandas competitivas sobre la tierra a trav\u00e9s de la implementaci\u00f3n de sistemas de gesti\u00f3n adaptables e integrados.<\/strong><\/p>\n\n\n\n<p>Cuando se combina con intervenciones t\u00e9cnicas bien planificadas y ejecutadas (como el cultivo de \u00e1rboles, la agricultura sostenible, etc.), la ILM permite gestionar la multifuncionalidad del paisaje y capturar y distribuir sus beneficios (para la sociedad y el medio ambiente).<\/p>\n\n\n\n<p>Vemos seis elementos cr\u00edticos en el proceso de ILM:<\/p>\n\n\n\n<figure class=\"wp-block-image\"><img loading=\"lazy\" decoding=\"async\" width=\"120\" height=\"120\" src=\"https:\/\/landscapesfuture.org\/wp-content\/uploads\/2022\/06\/LFF-icon-stakeholder-id-120px.png\" alt=\"\" class=\"wp-image-3557\"\/><\/figure>\n\n\n\n<p><strong>Identificaci\u00f3n de partes interesadas<\/strong><\/p>\n\n\n\n<p>La identificaci\u00f3n de las partes interesadas y una evaluaci\u00f3n de las relaciones entre ellas es un requisito previo esencial para formar foros de m\u00faltiples partes interesadas. Identificaci\u00f3n mediante mapeo de stakeholders o Net-Mapping.<\/p>\n\n\n\n<figure class=\"wp-block-image\"><img loading=\"lazy\" decoding=\"async\" width=\"120\" height=\"120\" src=\"https:\/\/landscapesfuture.org\/wp-content\/uploads\/2022\/06\/LFF-icon-multistakeholder-fora-120px.png\" alt=\"\" class=\"wp-image-3556\"\/><\/figure>\n\n\n\n<p><strong>Foros de m\u00faltiples partes interesadas<\/strong><\/p>\n\n\n\n<p>Espacios &#8216;seguros&#8217; en los que las partes interesadas con diferentes intereses pueden reunirse, deliberar, negociar, aprender y planificar. Dichos espacios deben estar muy atentos a las din\u00e1micas de poder. Las habilidades importantes que se requieren aqu\u00ed incluyen la facilitaci\u00f3n, la mediaci\u00f3n, la negociaci\u00f3n y el liderazgo.<\/p>\n\n\n\n<figure class=\"wp-block-image\"><img loading=\"lazy\" decoding=\"async\" width=\"120\" height=\"120\" src=\"https:\/\/landscapesfuture.org\/wp-content\/uploads\/2022\/06\/LFF-icon-common-vision-120px.png\" alt=\"\" class=\"wp-image-3553\"\/><\/figure>\n\n\n\n<p><strong>visi\u00f3n<\/strong> <strong>com\u00fan<\/strong><\/p>\n\n\n\n<p>Un estado futuro co-creado y co-deseado (de un paisaje) solo alcanzable a trav\u00e9s de la cooperaci\u00f3n de las partes interesadas. Proporciona un destino detr\u00e1s del cual las personas y las iniciativas pueden alinearse. Una visi\u00f3n puede proporcionar fuertes incentivos para la aceptaci\u00f3n, la inclusi\u00f3n, una base para la acci\u00f3n colectiva y una l\u00ednea de base contra la cual se pueden evaluar las compensaciones e identificar las preocupaciones comunes <strong>.<\/strong><\/p>\n\n\n\n<figure class=\"wp-block-image\"><img loading=\"lazy\" decoding=\"async\" width=\"120\" height=\"120\" src=\"https:\/\/landscapesfuture.org\/wp-content\/uploads\/2022\/06\/LFF-icon-institutionalisation-120px.png\" alt=\"\" class=\"wp-image-3554\"\/><\/figure>\n\n\n\n<p><strong>institucionalizaci\u00f3n<\/strong><\/p>\n\n\n\n<p>Los foros o procesos de la ILM se identifican como alg\u00fan tipo de entidad, que obtiene financiaci\u00f3n sostenible y con personal asociado; instituciones se convierten en una fuente de identidad para sus participantes. La instituci\u00f3n est\u00e1 incrustada o &#8216;anidada&#8217; dentro de un sistema u organizaci\u00f3n m\u00e1s amplio.<\/p>\n\n\n\n<figure class=\"wp-block-image\"><img loading=\"lazy\" decoding=\"async\" width=\"120\" height=\"120\" src=\"https:\/\/landscapesfuture.org\/wp-content\/uploads\/2022\/06\/LFF-icon-iterative-management-120px.png\" alt=\"\" class=\"wp-image-3555\"\/><\/figure>\n\n\n\n<p><strong>Gesti\u00f3n iterativa y adaptativa<\/strong><\/p>\n\n\n\n<p>Ciclos de retroalimentaci\u00f3n claros y capacidades de aprendizaje integradas en el dise\u00f1o institucional y de procesos. La flexibilidad institucional y la agilidad influyen en las operaciones diarias y la toma de decisiones. El seguimiento y la evaluaci\u00f3n apoyan la autorreflexi\u00f3n, al igual que la evidencia basada en la investigaci\u00f3n, y contribuyen a la planificaci\u00f3n futura.<\/p>\n\n\n\n<figure class=\"wp-block-image\"><img loading=\"lazy\" decoding=\"async\" width=\"120\" height=\"120\" src=\"https:\/\/landscapesfuture.org\/wp-content\/uploads\/2022\/06\/LFF-icon-tech-solutions-120px.png\" alt=\"\" class=\"wp-image-3558\"\/><\/figure>\n\n\n\n<p><strong>Soluciones t\u00e9cnicas y herramientas.<\/strong><\/p>\n\n\n\n<p>Herramientas, capacidades t\u00e9cnicas; desarrollo de capacidades para la gesti\u00f3n de plataformas de partes interesadas; apoyo t\u00e9cnico externo, aportes y deliberaci\u00f3n.<\/p>\n","protected":false},"excerpt":{"rendered":"<p>El enfoque del paisaje El concepto de Gesti\u00f3n Integrada del Paisaje (ILM, por sus siglas en ingl\u00e9s) se ha elevado en la agenda de desarrollo global en los \u00faltimos a\u00f1os. Aunque se interpreta de diferentes maneras, existe un acuerdo generalizado de que los enfoques integrados son fundamentales para abordar el triple desaf\u00edo de sostener una [&hellip;]<\/p>\n","protected":false},"author":1,"featured_media":0,"parent":4878,"menu_order":0,"comment_status":"closed","ping_status":"closed","template":"templates\/template-page-gutenberg.php","meta":{"inline_featured_image":false,"footnotes":"","_links_to":"","_links_to_target":""},"class_list":["post-4888","page","type-page","status-publish","hentry"],"_links":{"self":[{"href":"https:\/\/landscapesfuture.org\/es\/wp-json\/wp\/v2\/pages\/4888","targetHints":{"allow":["GET"]}}],"collection":[{"href":"https:\/\/landscapesfuture.org\/es\/wp-json\/wp\/v2\/pages"}],"about":[{"href":"https:\/\/landscapesfuture.org\/es\/wp-json\/wp\/v2\/types\/page"}],"author":[{"embeddable":true,"href":"https:\/\/landscapesfuture.org\/es\/wp-json\/wp\/v2\/users\/1"}],"replies":[{"embeddable":true,"href":"https:\/\/landscapesfuture.org\/es\/wp-json\/wp\/v2\/comments?post=4888"}],"version-history":[{"count":5,"href":"https:\/\/landscapesfuture.org\/es\/wp-json\/wp\/v2\/pages\/4888\/revisions"}],"predecessor-version":[{"id":7187,"href":"https:\/\/landscapesfuture.org\/es\/wp-json\/wp\/v2\/pages\/4888\/revisions\/7187"}],"up":[{"embeddable":true,"href":"https:\/\/landscapesfuture.org\/es\/wp-json\/wp\/v2\/pages\/4878"}],"wp:attachment":[{"href":"https:\/\/landscapesfuture.org\/es\/wp-json\/wp\/v2\/media?parent=4888"}],"curies":[{"name":"wp","href":"https:\/\/api.w.org\/{rel}","templated":true}]}}