{"id":4878,"date":"2021-06-15T23:27:37","date_gmt":"2021-06-15T16:27:37","guid":{"rendered":"https:\/\/landscapesfuture.org\/?page_id=4878"},"modified":"2022-11-11T17:06:23","modified_gmt":"2022-11-11T10:06:23","slug":"sobre","status":"publish","type":"page","link":"https:\/\/landscapesfuture.org\/es\/sobre\/","title":{"rendered":"\u00c0 propos \u00ab Des paysages pour notre avenir \u00bb"},"content":{"rendered":"<style>\n@media only screen and (max-width: 960px) {\n   #hero-page{\n    background-image:url(\"https:\/\/landscapesfuture.org\/wp-content\/uploads\/2022\/11\/MicrosoftTeams-image-7.jpg\");\n    background-position-y: bottom;\n    background-position-x: center;\n  }\n}\n\n#hero-page::after {\n    position: absolute;\n    content: ' ';\n    z-index: 0;\n    height: 100%;\n    width: 100%;\n    background-color: rgb(0,0,0,0.4);\n    top: 0;\n    left: 0;\n}\n#hero-page.section-bg::before{\nbackground-position-y: -385px;\n}\n\n.page #header #menu a {\n    color: #fff;\n}\n\n.page #header #menu .sub-menu li a{\n  color:#333;\n}\n\n.page #header #menu .sub-menu li a:hover{\n color:#FFFFFF;\n}\n\n.home.page-id-429 #wrapper, .page.page-id-429 #wrapper {\n    margin-top: 82px;\n}\n.home.page-id-429 #header, .page.page-id-429 #header {\n    background-color: #2E3546;\n    border: 0px;\n}\n\n.home.page-id-429 #header.darkHeader #menu a, \n.page.page-id-429 #header.darkHeader #menu a{\n   color:#252122;\n}\n\n.home.page-id-429  #header.darkHeader, .page.page-id-429  #header.darkHeader {\n    background-color: #FFFFFF;\n    border-bottom: 1px solid #ddd;\n}<\/style>\n<!-- section hero -->\n<!-- close div before -->\n        <\/div>\n    <\/article>\n<\/div>\n\n<div id=\"hero-page\" class=\" block-hero-page flex-vcenter section-bg\">\n    <div class=\"block-hero-page_bg\">\n        <img decoding=\"async\" src=\"https:\/\/landscapesfuture.org\/wp-content\/uploads\/2022\/11\/MicrosoftTeams-image-7.jpg\">\n    <\/div>\n    <div class=\"block-hero-page_overlay\"><\/div>\n    <div class=\"block-hero-page_content\">\n        <div class=\"container\">\n\n            <div class=\"hero-page\">\n                <div class=\"hero-page_title text-light\">\n                    <h1>\u00c0 propos \u00ab Des paysages pour notre avenir \u00bb<\/h1>\n                    <!--<p><\/p>-->\n                                    <\/div>\n            <\/div>\n        <\/div>\n    <\/div>\n<\/div>\n\n<div class=\"container\">\n    <div class=\"row\">\n        <div class=\"col-12\">\n            <div class=\"breadcrumbs\" itemscope itemtype=\"http:\/\/schema.org\/BreadcrumbList\"><span itemprop=\"itemListElement\" itemscope itemtype=\"http:\/\/schema.org\/ListItem\"><a class=\"breadcrumbs__link\" href=\"https:\/\/landscapesfuture.org\/es\/\" itemprop=\"item\"><span itemprop=\"name\">Inicio<\/span><\/a><meta itemprop=\"position\" content=\"1\" \/><\/span><\/div><!-- .breadcrumbs -->        <\/div>\n    <\/div>\n<\/div>\n\n<div class=\"container\">\n    <article id=\"post-4878\" class=\"post-4878 page type-page status-publish hentry\">\n        <div class=\"entry-content\">\n\n\n<div class=\"wp-block-columns is-layout-flex wp-container-core-columns-is-layout-9d6595d7 wp-block-columns-is-layout-flex\">\n<div class=\"wp-block-column is-layout-flow wp-block-column-is-layout-flow\" style=\"flex-basis:75%\">\n<h2 class=\"wp-block-heading\">Fondo<\/h2>\n\n\n\n<p>La tierra proporciona servicios ecosist\u00e9micos esenciales tanto para las personas como para el planeta. Sin embargo, la creciente demanda de alimentos, combustible, fibra y madera est\u00e1 ampliando la capacidad de la tierra para satisfacer las necesidades de una poblaci\u00f3n en crecimiento. Esto impulsa la competencia por la tierra (recursos), lo que resulta en deforestaci\u00f3n, cambio clim\u00e1tico, conflicto social, desigualdad y p\u00e9rdida de biodiversidad. Actualmente, el sector del uso de la tierra representa aproximadamente el 24% de las emisiones globales de gases de efecto invernadero y ha contribuido a la degradaci\u00f3n de m\u00e1s de un tercio de los paisajes del mundo. Esto ha resultado en billones de p\u00e9rdidas econ\u00f3micas anuales y p\u00e9rdida de medios de subsistencia para m\u00e1s de mil millones de personas.<\/p>\n\n\n\n<p>La Gesti\u00f3n Integrada del Paisaje (GIP, por sus siglas en ingl\u00e9s) ha surgido como un enfoque prometedor para gestionar las presiones competitivas del uso de la tierra y el espacio pol\u00edtico fragmentado en muchos pa\u00edses. Basado en los principios de participaci\u00f3n, cooperaci\u00f3n y empoderamiento de la comunidad, GIP ofrece un marco convincente para vincular las pr\u00e1cticas, instituciones y pol\u00edticas agr\u00edcolas con otras actividades a escala de paisaje.<\/p>\n\n\n\n<h2 class=\"wp-block-heading\">Sobre el programa<\/h2>\n\n\n\n<p>GIP es parte integral de las ambiciosas agendas de biodiversidad y sistemas alimentarios posteriores a 2020 de la Uni\u00f3n Europea (UE) y su compromiso con el Acuerdo de Par\u00eds y los Objetivos de Desarrollo Sostenible. Los enfoques de GIP tambi\u00e9n facilitan una recuperaci\u00f3n verde inclusiva consistente con el Acuerdo Verde de la UE.<\/p>\n\n\n\n<p>En 2019, la UE lanz\u00f3 el programa Paisajes Para Nuestro Futuro de 5 a\u00f1os, que ahora apoya 22 proyectos GIP, que abarcan 19 pa\u00edses y 3 subregiones en todo el Sur Global. Ofreciendo soluciones a los retos de uso del suelo en contextos espec\u00edficos, Paisajes Para Nuestro Futuro avanzar\u00e1 en los objetivos relacionados con:<\/p>\n\n\n\n<ol class=\"wp-block-list\"><li>seguridad alimentaria y nutricional, creaci\u00f3n de empleo y agricultura resiliente y sostenible;<\/li><li>mitigaci\u00f3n y adaptaci\u00f3n al cambio clim\u00e1tico; y<\/li><li>conservaci\u00f3n, restauraci\u00f3n y uso sostenible de la biodiversidad y los ecosistemas terrestres\/forestales.<\/li><\/ol>\n\n\n\n<p>Los proyectos apoyados abarcan una amplia gama de \u00e1reas tem\u00e1ticas, que van desde la biodiversidad y la conservaci\u00f3n del paisaje hasta la agricultura clim\u00e1ticamente inteligente y el desarrollo de cadenas de valor sostenibles.<\/p>\n<\/div>\n\n\n\n<div class=\"wp-block-column is-layout-flow wp-block-column-is-layout-flow\" style=\"flex-basis:25%\">\n<div class=\"box-flyer\">\n<div class=\"flyer-thumb\">\n<img decoding=\"async\" src=\"http:\/\/landscapesfuture.org\/wp-content\/uploads\/2021\/11\/landscapes-for-our-future-thumb.jpg\"><\/div>\n<h4>Descargar folleto<\/h4>\n<ul class=\"list-pdf\"><li><a href=\"http:\/\/landscapesfuture.org\/wp-content\/uploads\/flyers\/Flyer%20-%20Landscapes%20For%20Our%20Future%20(EU)-v8.pdf\" target=\"_blank\" rel=\"noopener\">Ingl\u00e9s \u2013 706 KB<\/a><\/li>\n    <li><a href=\"http:\/\/landscapesfuture.org\/wp-content\/uploads\/flyers\/Flyer%20-%20Des%20paysages%20pour%20notre%20avenir%20(UE)_French_v5.pdf\" target=\"_blank\" rel=\"noopener\"><i class=\"bi bi-file-pdf\"><\/i> Franc\u00e9s \u2013 683 KB<\/a><\/li>\n    <li><a href=\"http:\/\/landscapesfuture.org\/wp-content\/uploads\/flyers\/292%20Flyer%20-%20Paisagens%20Para%20o%20Nosso%20Futuro%20(UE)_Portuguese_v4.pdf\" target=\"_blank\" rel=\"noopener\"><i class=\"bi bi-file-pdf\"><\/i> Portugu\u00e9s \u2013 664 KB<\/a><\/li>\n    <li><a href=\"http:\/\/landscapesfuture.org\/wp-content\/uploads\/flyers\/Flyer%20-%20Paisajes%20para%20Nuestro%20Futuro%20(UE)_v6.pdf\" target=\"_blank\" rel=\"noopener\"><i class=\"bi bi-file-pdf\"><\/i> Espa\u00f1ol \u2013 661 KB<\/a><\/li>\n<\/ul><\/div>\n\n<div class=\"box-contacts\">\n<h4>Consultas generales<\/h4>\n<div class=\"item-contact\">\n<p><strong>Alejandro Ghiurca<\/strong><br>alexandru.ghiurca@ec.europa.eu<\/p>\n<\/div>\n<div class=\"item-contact\">\n<p><strong>Jorge Sch\u00f6neveld<\/strong><br>g.schoneveld@cgiar.org<\/p>\n<\/div>\n<\/div>\n<\/div>\n<\/div>\n\n\n\n<p>Mapa de Iniciativas<\/p>\n\n\n\n<figure class=\"wp-block-image alignfull size-large\"><img loading=\"lazy\" decoding=\"async\" width=\"1024\" height=\"638\" src=\"https:\/\/landscapesfuture.org\/wp-content\/uploads\/2022\/08\/map_of_initiatives_04-1024x638.png\" alt=\"\" class=\"wp-image-3611\" srcset=\"https:\/\/landscapesfuture.org\/wp-content\/uploads\/2022\/08\/map_of_initiatives_04-1024x638.png 1024w, https:\/\/landscapesfuture.org\/wp-content\/uploads\/2022\/08\/map_of_initiatives_04-300x187.png 300w, https:\/\/landscapesfuture.org\/wp-content\/uploads\/2022\/08\/map_of_initiatives_04-768x478.png 768w, https:\/\/landscapesfuture.org\/wp-content\/uploads\/2022\/08\/map_of_initiatives_04-1536x957.png 1536w, https:\/\/landscapesfuture.org\/wp-content\/uploads\/2022\/08\/map_of_initiatives_04-2048x1276.png 2048w\" sizes=\"auto, (max-width: 1024px) 100vw, 1024px\" \/><\/figure>\n","protected":false},"excerpt":{"rendered":"<p>Fondo La tierra proporciona servicios ecosist\u00e9micos esenciales tanto para las personas como para el planeta. Sin embargo, la creciente demanda de alimentos, combustible, fibra y madera est\u00e1 ampliando la capacidad de la tierra para satisfacer las necesidades de una poblaci\u00f3n en crecimiento. Esto impulsa la competencia por la tierra (recursos), lo que resulta en deforestaci\u00f3n, [&hellip;]<\/p>\n","protected":false},"author":1,"featured_media":0,"parent":0,"menu_order":0,"comment_status":"closed","ping_status":"closed","template":"templates\/template-page-gutenberg.php","meta":{"inline_featured_image":false,"footnotes":"","_links_to":"","_links_to_target":""},"class_list":["post-4878","page","type-page","status-publish","hentry"],"_links":{"self":[{"href":"https:\/\/landscapesfuture.org\/es\/wp-json\/wp\/v2\/pages\/4878","targetHints":{"allow":["GET"]}}],"collection":[{"href":"https:\/\/landscapesfuture.org\/es\/wp-json\/wp\/v2\/pages"}],"about":[{"href":"https:\/\/landscapesfuture.org\/es\/wp-json\/wp\/v2\/types\/page"}],"author":[{"embeddable":true,"href":"https:\/\/landscapesfuture.org\/es\/wp-json\/wp\/v2\/users\/1"}],"replies":[{"embeddable":true,"href":"https:\/\/landscapesfuture.org\/es\/wp-json\/wp\/v2\/comments?post=4878"}],"version-history":[{"count":5,"href":"https:\/\/landscapesfuture.org\/es\/wp-json\/wp\/v2\/pages\/4878\/revisions"}],"predecessor-version":[{"id":7186,"href":"https:\/\/landscapesfuture.org\/es\/wp-json\/wp\/v2\/pages\/4878\/revisions\/7186"}],"wp:attachment":[{"href":"https:\/\/landscapesfuture.org\/es\/wp-json\/wp\/v2\/media?parent=4878"}],"curies":[{"name":"wp","href":"https:\/\/api.w.org\/{rel}","templated":true}]}}