{"id":11564,"date":"2024-05-01T21:38:44","date_gmt":"2024-05-01T18:38:44","guid":{"rendered":"https:\/\/landscapesfuture.org\/sobre\/ilm\/"},"modified":"2025-11-04T17:25:24","modified_gmt":"2025-11-04T14:25:24","slug":"ilm","status":"publish","type":"page","link":"https:\/\/landscapesfuture.org\/es\/sobre\/ilm\/","title":{"rendered":"\u00bfQu\u00e9 es la gesti\u00f3n integrada del paisaje?"},"content":{"rendered":"<style>\n@media only screen and (max-width: 960px) {\n   #hero-page{\n    background-image:url(\"https:\/\/landscapesfuture.org\/wp-content\/uploads\/2022\/11\/MicrosoftTeams-image-6.jpg\");\n    background-position-y: bottom;\n    background-position-x: center;\n  }\n}\n\n#hero-page::after {\n    position: absolute;\n    content: ' ';\n    z-index: 0;\n    height: 100%;\n    width: 100%;\n    background-color: rgb(0,0,0,0.4);\n    top: 0;\n    left: 0;\n}\n#hero-page.section-bg::before{\nbackground-position-y: -385px;\n}\n\n.page #header #menu a {\n    color: #fff;\n}\n\n.page #header #menu .sub-menu li a{\n  color:#333;\n}\n\n.page #header #menu .sub-menu li a:hover{\n color:#FFFFFF;\n}\n\n.home.page-id-429 #wrapper, .page.page-id-429 #wrapper {\n    margin-top: 82px;\n}\n.home.page-id-429 #header, .page.page-id-429 #header {\n    background-color: #2E3546;\n    border: 0px;\n}\n\n.home.page-id-429 #header.darkHeader #menu a, \n.page.page-id-429 #header.darkHeader #menu a{\n   color:#252122;\n}\n\n.home.page-id-429  #header.darkHeader, .page.page-id-429  #header.darkHeader {\n    background-color: #FFFFFF;\n    border-bottom: 1px solid #ddd;\n}<\/style>\n<!-- section hero -->\n<!-- close div before -->\n        <\/div>\n    <\/article>\n<\/div>\n\n<div id=\"hero-page\" class=\" block-hero-page flex-vcenter section-bg\">\n    <div class=\"block-hero-page_bg\">\n        <img decoding=\"async\" src=\"https:\/\/landscapesfuture.org\/wp-content\/uploads\/2022\/11\/MicrosoftTeams-image-6.jpg\">\n    <\/div>\n    <div class=\"block-hero-page_overlay\"><\/div>\n    <div class=\"block-hero-page_content\">\n        <div class=\"container\">\n\n            <div class=\"hero-page\">\n                <div class=\"hero-page_title text-light\">\n                    <h1>\u00bfQu\u00e9 es la gesti\u00f3n integrada del paisaje?<\/h1>\n                    <!--<p><\/p>-->\n                                    <\/div>\n            <\/div>\n        <\/div>\n    <\/div>\n<\/div>\n\n<div class=\"container\">\n    <div class=\"row\">\n        <div class=\"col-12\">\n            <div class=\"breadcrumbs\" itemscope itemtype=\"http:\/\/schema.org\/BreadcrumbList\"><span itemprop=\"itemListElement\" itemscope itemtype=\"http:\/\/schema.org\/ListItem\"><a class=\"breadcrumbs__link\" href=\"https:\/\/landscapesfuture.org\/es\/\" itemprop=\"item\"><span itemprop=\"name\">Inicio<\/span><\/a><meta itemprop=\"position\" content=\"1\" \/><\/span><\/div><!-- .breadcrumbs -->        <\/div>\n    <\/div>\n<\/div>\n\n<div class=\"container\">\n    <article id=\"post-11564\" class=\"post-11564 page type-page status-publish has-post-thumbnail hentry\">\n        <div class=\"entry-content\">\n\n\n<h2 class=\"wp-block-heading\">Definimos GIP como<\/h2>\n\n\n\n<div style=\"height:39px\" aria-hidden=\"true\" class=\"wp-block-spacer\"><\/div>\n\n\n\n<blockquote class=\"wp-block-quote is-layout-flow wp-block-quote-is-layout-flow\">\n<p>un <strong>proceso<\/strong> para fomentar la sostenibilidad y la resiliencia co-creadas en los paisajes a trav\u00e9s de estrategias adaptativas, inclusivas e integradoras\u00bb.<\/p>\n<\/blockquote>\n\n\n\n<p>Al pensar en la GIP como un <em>proceso <\/em>, nos hemos centrado en c\u00f3mo podr\u00eda ser, reconociendo al mismo tiempo que una gran diversidad de variables influir\u00e1n en los paisajes y afectar\u00e1n a su estado.<\/p>\n\n\n\n<div style=\"height:39px\" aria-hidden=\"true\" class=\"wp-block-spacer\"><\/div>\n\n\n\n<h2 class=\"wp-block-heading\">\u00bfPor qu\u00e9 GIP?<\/h2>\n\n\n\n<p>Porque los paisajes no funcionan de forma aislada, y nosotros tampoco podemos hacerlo.<\/p>\n\n\n\n<p>El agua, los bosques, las granjas, la fauna silvestre, el carbono, las personas, los mercados: todos est\u00e1n profundamente interconectados. Sin embargo, la mayor\u00eda de los sistemas de gobernanza, inversi\u00f3n y planificaci\u00f3n siguen dividiendo los paisajes en partes aisladas, gestionadas por separado por diferentes actores con diferentes objetivos e incentivos. Esa fragmentaci\u00f3n es uno de los principales factores que impulsan las crisis a las que nos enfrentamos hoy en d\u00eda: el colapso clim\u00e1tico, la p\u00e9rdida de biodiversidad, los sistemas alimentarios inseguros y la creciente desigualdad.<\/p>\n\n\n\n<p>La de Gesti\u00f3n Integrada del Paisaje (GIP) da un giro radical al problema.<\/p>\n\n\n\n<p>En lugar de gestionar los s\u00edntomas de forma aislada, la GIP se centra en c\u00f3mo se comporta el sistema paisaj\u00edstico en su conjunto y en c\u00f3mo la poblaci\u00f3n, las instituciones y los mercados locales pueden moldear ese comportamiento para obtener beneficios comunes a largo plazo. Crea las estructuras, las relaciones y los bucles de retroalimentaci\u00f3n necesarios para la acci\u00f3n colectiva: entre sectores, entre escalas y entre divisiones de poder.<\/p>\n\n\n\n<p>La GIP es importante porque:<\/p>\n\n\n\n<ul class=\"wp-block-list\">\n<li><strong>Las soluciones aisladas fracasan. <\/strong>Ignoran los efectos secundarios y crean consecuencias costosas e imprevistas.<\/li>\n\n\n\n<li><strong>Las relaciones humanas impulsan los paisajes. <\/strong>Excluir la acci\u00f3n humana conduce a conflictos, un cumplimiento d\u00e9bil y resultados fr\u00e1giles.<\/li>\n\n\n\n<li><strong>Las grandes transiciones exigen colaboraci\u00f3n. <\/strong>La adaptaci\u00f3n al clima, la resiliencia del sistema alimentario, los modelos de negocio sostenibles&#8230; nada de esto puede tener \u00e9xito por s\u00ed solo.<\/li>\n\n\n\n<li><strong>El cambio real solo perdura cuando es de propiedad local. <\/strong>El GIP genera legitimidad, confianza y gobernanza que sobreviven a los proyectos y a los donantes.<\/li>\n<\/ul>\n\n\n\n<p>En resumen: GIP es la forma en que pasamos de intereses contrapuestos a una gesti\u00f3n compartida.<br>De intervenciones fragmentadas a paisajes adaptables y resilientes.<br>De los resultados r\u00e1pidos al impacto duradero.<\/p>\n\n\n\n<p>No es solo un m\u00e9todo. Es un cambio de mentalidad: pasar de <em>gestionar problemas <\/em>a <em>gestionar relaciones <\/em>en los lugares que sustentan la vida.<\/p>\n\n\n\n<div style=\"height:39px\" aria-hidden=\"true\" class=\"wp-block-spacer\"><\/div>\n\n\n\n<h2 class=\"wp-block-heading\">\u00bfCu\u00e1l es nuestro enfoque de la GIP?<\/h2>\n\n\n<div class=\"wp-block-image\">\n<figure class=\"aligncenter size-large\"><img loading=\"lazy\" decoding=\"async\" width=\"750\" height=\"1024\" src=\"https:\/\/landscapesfuture.org\/wp-content\/uploads\/2024\/05\/Screenshot-2024-05-29-at-14.25.43-750x1024.png\" alt=\"\" class=\"wp-image-11695\" srcset=\"https:\/\/landscapesfuture.org\/wp-content\/uploads\/2024\/05\/Screenshot-2024-05-29-at-14.25.43-750x1024.png 750w, https:\/\/landscapesfuture.org\/wp-content\/uploads\/2024\/05\/Screenshot-2024-05-29-at-14.25.43-220x300.png 220w, https:\/\/landscapesfuture.org\/wp-content\/uploads\/2024\/05\/Screenshot-2024-05-29-at-14.25.43-768x1048.png 768w, https:\/\/landscapesfuture.org\/wp-content\/uploads\/2024\/05\/Screenshot-2024-05-29-at-14.25.43.png 812w\" sizes=\"auto, (max-width: 750px) 100vw, 750px\" \/><\/figure><\/div>\n\n\n<div style=\"height:39px\" aria-hidden=\"true\" class=\"wp-block-spacer\"><\/div>\n\n\n\n<p>Hemos desarrollado una tipolog\u00eda de seis \u00abdimensiones\u00bb GIP como una <strong><em>hip\u00f3tesis inicial<\/em><\/strong> sobre el GIP, sujeta a cambios a medida que avanzaba el aprendizaje junto con los proyectos del programa. <\/p>\n\n\n\n<p>He aqu\u00ed por qu\u00e9 se incluyeron estas variables:<\/p>\n\n\n\n<h3 class=\"wp-block-heading\">Identificaci\u00f3n de las partes interesadas<\/h3>\n\n\n\n<figure class=\"wp-block-image size-full is-resized\"><img loading=\"lazy\" decoding=\"async\" width=\"394\" height=\"394\" src=\"https:\/\/landscapesfuture.org\/wp-content\/uploads\/2023\/08\/Picture-2.png\" alt=\"\" class=\"wp-image-9508\" style=\"width:208px;height:208px\" srcset=\"https:\/\/landscapesfuture.org\/wp-content\/uploads\/2023\/08\/Picture-2.png 394w, https:\/\/landscapesfuture.org\/wp-content\/uploads\/2023\/08\/Picture-2-300x300.png 300w, https:\/\/landscapesfuture.org\/wp-content\/uploads\/2023\/08\/Picture-2-150x150.png 150w\" sizes=\"auto, (max-width: 394px) 100vw, 394px\" \/><\/figure>\n\n\n\n<p>Los actores de un paisaje son el mayor determinante de su comportamiento como sistema. Conocer y comprender qui\u00e9nes son las partes interesadas y las relaciones entre ellas es una necesidad estrat\u00e9gica para que las intervenciones de GIP sean eficaces. Las evaluaciones de las partes interesadas deber\u00edan poder proporcionar esta informaci\u00f3n y ayudar a una intervenci\u00f3n a delimitar qu\u00e9 partes interesadas deber\u00edan poblar los FMP. <\/p>\n\n\n\n<p>No todas las partes interesadas se encuentran en el paisaje: habr\u00e1 otras en otros lugares, por ejemplo, a nivel regional, nacional o internacional. Al identificar a las partes interesadas, es importante asumir que habr\u00e1 tensiones entre ellas. Esto aportar\u00e1 informaci\u00f3n relevante para las estrategias de intervenci\u00f3n y para la forma en que los FMP deban estructurarse; por ejemplo, pueden ser necesarios varios FMP si los grupos a los que se dirigen no se hablan, y habr\u00e1 que dise\u00f1ar formas de integrar sus decisiones y conocimientos combinados.<\/p>\n\n\n\n<p>Existen muchas metodolog\u00edas diferentes de evaluaci\u00f3n de las partes interesadas, algunas de las cuales ofrecemos en la secci\u00f3n \u00abLecturas complementarias\u00bb al final de esta p\u00e1gina.<\/p>\n\n\n\n<div style=\"height:39px\" aria-hidden=\"true\" class=\"wp-block-spacer\"><\/div>\n\n\n\n<h3 class=\"wp-block-heading\">Foros multipartitos (FMP)<\/h3>\n\n\n\n<figure class=\"wp-block-image size-full is-resized\"><img loading=\"lazy\" decoding=\"async\" width=\"394\" height=\"394\" src=\"https:\/\/landscapesfuture.org\/wp-content\/uploads\/2023\/08\/Picture-3.png\" alt=\"\" class=\"wp-image-9516\" style=\"width:205px;height:205px\" srcset=\"https:\/\/landscapesfuture.org\/wp-content\/uploads\/2023\/08\/Picture-3.png 394w, https:\/\/landscapesfuture.org\/wp-content\/uploads\/2023\/08\/Picture-3-300x300.png 300w, https:\/\/landscapesfuture.org\/wp-content\/uploads\/2023\/08\/Picture-3-150x150.png 150w\" sizes=\"auto, (max-width: 394px) 100vw, 394px\" \/><\/figure>\n\n\n\n<p>Los FMP son probablemente la forma m\u00e1s poderosa de posibilitar la integraci\u00f3n en la gesti\u00f3n de cualquier recurso natural. Los FMP <em>son espacios cuidadosamente moderados para la deliberaci\u00f3n de las partes interesadas y la toma de decisiones en torno a una visi\u00f3n<\/em>. Las FMP tienen importantes beneficios adicionales que giran en torno a la justicia, la inclusi\u00f3n, la capacitaci\u00f3n, la igualdad y la equidad. Tambi\u00e9n representan un centro en el que se pueden desarrollar, introducir y deliberar nuevos conocimientos. El \u00e9xito de la coordinaci\u00f3n de los FMP requiere altos niveles de adaptabilidad (v\u00e9ase m\u00e1s adelante) y \u00abhabilidades blandas\u00bb (por ejemplo, facilitaci\u00f3n, mediaci\u00f3n, negociaci\u00f3n y convocatoria).<\/p>\n\n\n\n<p>Para ser eficaces, los FMP deben tener un prop\u00f3sito -una raz\u00f3n para existir- y una forma de proporcion\u00e1rselo es garantizar que tengan poder de decisi\u00f3n. Esto podr\u00eda significar que se incluyera a las partes interesadas del gobierno, aunque no lo consideramos un requisito previo. Las decisiones de un FMP pueden ser seguidas por las instituciones locales, o a trav\u00e9s de decisiones para llevar a cabo ciertas actividades. Aunque todas las FMP pueden tomar decisiones a cierto nivel, las decisiones <em>relevantes <\/em>son aquellas que pueden afectar al comportamiento del sistema paisaj\u00edstico.<\/p>\n\n\n\n<p>La forma en que se crean y gestionan los FMP y los fines que cumplen dependen de las necesidades de la intervenci\u00f3n y del contexto en el que se lleva a cabo. Contar con varios FMP puede ser positivo, dadas las ventajas de tener muchos equipos diferentes dando sentido a los problemas, a la din\u00e1mica del sistema, procesando nuevos conocimientos y co-creando estrategias.<\/p>\n\n\n\n<div style=\"height:39px\" aria-hidden=\"true\" class=\"wp-block-spacer\"><\/div>\n\n\n\n<h3 class=\"wp-block-heading\">Visi\u00f3n com\u00fan<\/h3>\n\n\n\n<figure class=\"wp-block-image size-full is-resized\"><img loading=\"lazy\" decoding=\"async\" width=\"394\" height=\"394\" src=\"https:\/\/landscapesfuture.org\/wp-content\/uploads\/2023\/08\/Picture-4.png\" alt=\"\" class=\"wp-image-9521\" style=\"width:212px;height:212px\" srcset=\"https:\/\/landscapesfuture.org\/wp-content\/uploads\/2023\/08\/Picture-4.png 394w, https:\/\/landscapesfuture.org\/wp-content\/uploads\/2023\/08\/Picture-4-300x300.png 300w, https:\/\/landscapesfuture.org\/wp-content\/uploads\/2023\/08\/Picture-4-150x150.png 150w\" sizes=\"auto, (max-width: 394px) 100vw, 394px\" \/><\/figure>\n\n\n\n<p>Para nosotros, una visi\u00f3n es un estado futuro ideal. El prop\u00f3sito de esta visi\u00f3n es permitir la formaci\u00f3n de un lugar convincente e inspirador <em>desde el que actuar<\/em>. Lo ideal ser\u00eda que una visi\u00f3n describiera c\u00f3mo ser\u00e1n las relaciones futuras entre las partes interesadas; y tambi\u00e9n deber\u00eda considerar d\u00f3nde se sit\u00faa la FMP en este acuerdo. Si las partes enfrentadas son capaces de ponerse de acuerdo sobre una visi\u00f3n com\u00fan, la intervenci\u00f3n habr\u00e1 dado pasos considerables. Es casi seguro que la visi\u00f3n cambiar\u00e1 en el transcurso de la implementaci\u00f3n, y los participantes se ver\u00e1n desafiados a revisar y reimaginar su visi\u00f3n.<\/p>\n\n\n\n<div style=\"height:39px\" aria-hidden=\"true\" class=\"wp-block-spacer\"><\/div>\n\n\n\n<h3 class=\"wp-block-heading\">Institucionalizaci\u00f3n<\/h3>\n\n\n\n<figure class=\"wp-block-image size-full is-resized\"><img loading=\"lazy\" decoding=\"async\" width=\"1006\" height=\"1006\" src=\"https:\/\/landscapesfuture.org\/wp-content\/uploads\/2023\/08\/Picture-6.png\" alt=\"\" class=\"wp-image-9530\" style=\"width:214px;height:214px\" srcset=\"https:\/\/landscapesfuture.org\/wp-content\/uploads\/2023\/08\/Picture-6.png 1006w, https:\/\/landscapesfuture.org\/wp-content\/uploads\/2023\/08\/Picture-6-300x300.png 300w, https:\/\/landscapesfuture.org\/wp-content\/uploads\/2023\/08\/Picture-6-150x150.png 150w, https:\/\/landscapesfuture.org\/wp-content\/uploads\/2023\/08\/Picture-6-768x768.png 768w\" sizes=\"auto, (max-width: 1006px) 100vw, 1006px\" \/><\/figure>\n\n\n\n<p>La \u00abinstitucionalizaci\u00f3n\u00bb se refiere a la incorporaci\u00f3n o no de los procesos de un proyecto en las instituciones de gobernanza de un paisaje. Cuando esto ocurre, la probabilidad de sostenibilidad del proyecto aumenta considerablemente.<\/p>\n\n\n\n<p>Cabe se\u00f1alar que la \u00abgobernanza\u00bb no es monopolio del gobierno. La gobernanza eficaz suele referirse a los procesos y pr\u00e1cticas de supervisi\u00f3n, toma de decisiones y moderaci\u00f3n de las relaciones entre la autoridad (formal y consuetudinaria) y los electores que producen los resultados deseados (es decir, bienestar o estabilidad). De ah\u00ed que la adopci\u00f3n de los procesos del proyecto en las instituciones sociales locales sea muy importante.<\/p>\n\n\n\n<p>Las instituciones sociales son \u00abregularidades duraderas de la acci\u00f3n humana en situaciones estructuradas por reglas, normas y estrategias compartidas\u00bb. En este sentido, son patrones de comportamiento humano dentro del sistema socioecol\u00f3gico, adem\u00e1s de ser sistemas en s\u00ed mismos. Si se institucionalizan nuevas formas de hacer las cosas, esto puede indicar nuevos comportamientos del sistema.<\/p>\n\n\n\n<div style=\"height:39px\" aria-hidden=\"true\" class=\"wp-block-spacer\"><\/div>\n\n\n\n<h3 class=\"wp-block-heading\">Gesti\u00f3n iterativa y adaptativa<\/h3>\n\n\n\n<figure class=\"wp-block-image size-full is-resized\"><img loading=\"lazy\" decoding=\"async\" width=\"394\" height=\"394\" src=\"https:\/\/landscapesfuture.org\/wp-content\/uploads\/2023\/08\/Picture-5.png\" alt=\"\" class=\"wp-image-9525\" style=\"width:214px;height:214px\" srcset=\"https:\/\/landscapesfuture.org\/wp-content\/uploads\/2023\/08\/Picture-5.png 394w, https:\/\/landscapesfuture.org\/wp-content\/uploads\/2023\/08\/Picture-5-300x300.png 300w, https:\/\/landscapesfuture.org\/wp-content\/uploads\/2023\/08\/Picture-5-150x150.png 150w\" sizes=\"auto, (max-width: 394px) 100vw, 394px\" \/><\/figure>\n\n\n\n<p>En los sistemas complejos, los niveles de previsibilidad y garant\u00eda son bajos. En t\u00e9rminos generales, los altos niveles de rigidez e inflexibilidad de los proyectos reducen nuestra capacidad de navegar por la complejidad, lo que a su vez limita la capacidad de que surja el cambio. Como consecuencia, debemos navegar por dichos sistemas de forma adaptativa.<\/p>\n\n\n\n<p>La \u00abgesti\u00f3n adaptativa\u00bb se refiere a:<\/p>\n\n\n\n<ul class=\"wp-block-list\">\n<li>El grado en que las acciones son reversibles: aqu\u00ed, la idea es probar algo nuevo y si se descubre que no funciona, es necesaria la capacidad de dar marcha atr\u00e1s.<\/li>\n\n\n\n<li>Si el sistema puede comprenderse mediante la experimentaci\u00f3n a peque\u00f1a escala espacial y temporal: la acci\u00f3n de \u00abprobar algo nuevo\u00bb es un experimento. Cada acci\u00f3n de este tipo, tanto si tiene \u00e9xito como si fracasa, nos dice algo sobre el complejo sistema en el que operamos, lo que a su vez contribuye a nuestro aprendizaje. Estos \u00abexperimentos\u00bb deben ser peque\u00f1os y de una duraci\u00f3n relativamente corta, en parte porque no queremos malgastar recursos, pero tambi\u00e9n para intentar garantizar que nuestros experimentos no tengan consecuencias imprevistas.<\/li>\n\n\n\n<li>Si el ritmo de aprendizaje sobre el sistema es lo suficientemente r\u00e1pido como para proporcionar informaci\u00f3n \u00fatil sobre las decisiones posteriores: lo que se aprende sobre el sistema debe incorporarse a la aplicaci\u00f3n. Normalmente, esto da lugar a perfiles de aplicaci\u00f3n c\u00edclicos, en los que la revisi\u00f3n peri\u00f3dica del progreso, los \u00e9xitos y los fracasos de la intervenci\u00f3n da lugar a ajustes del curso.<\/li>\n<\/ul>\n\n\n\n<p>Implementada de este modo, una intervenci\u00f3n mejora progresivamente su capacidad de generar resultados (cambios de comportamiento) durante el <em>transcurso de la implementaci\u00f3n<\/em> &#8211; en respuesta al fracaso y al \u00e9xito, as\u00ed como a la experiencia de comprometerse con el sistema del que forma parte. Una vez que un proyecto ha establecido una visi\u00f3n, tendr\u00e1 necesariamente que dise\u00f1ar las estrategias que emplear\u00e1 para alcanzarla. Una vez que detecta que una estrategia est\u00e1 desviando el proyecto de la visi\u00f3n, \u00e9ste debe hacer una pausa y reconsiderar: o bien la visi\u00f3n es inalcanzable y debe cambiar, o bien debe emplearse otra estrategia.<\/p>\n\n\n\n<div style=\"height:39px\" aria-hidden=\"true\" class=\"wp-block-spacer\"><\/div>\n\n\n\n<h2 class=\"wp-block-heading\">Soluciones t\u00e9cnicas y herramientas<\/h2>\n\n\n\n<figure class=\"wp-block-image size-full is-resized\"><img loading=\"lazy\" decoding=\"async\" width=\"118\" height=\"118\" src=\"https:\/\/landscapesfuture.org\/wp-content\/uploads\/2023\/04\/Tools-1.png\" alt=\"\" class=\"wp-image-7676\" style=\"width:188px;height:188px\"\/><\/figure>\n\n\n\n<div style=\"height:39px\" aria-hidden=\"true\" class=\"wp-block-spacer\"><\/div>\n\n\n\n<p>Existe una gran variedad de herramientas que pueden utilizarse en la gesti\u00f3n del paisaje, desde las que abordan el estado de la base de recursos, otras para evaluar si una intervenci\u00f3n est\u00e1 teniendo o no impacto, o las que pueden utilizarse como m\u00e9todos \u00fatiles y formas de posibilitar la cooperaci\u00f3n entre las partes interesadas. No obstante, es importante se\u00f1alar que las herramientas <em>son un medio para alcanzar un fin<\/em>, y no un fin en s\u00ed mismas.<\/p>\n\n\n\n<p>Las herramientas y los enfoques asociados pueden desempe\u00f1ar un papel importante en la recopilaci\u00f3n y el intercambio de conocimientos, apoyando a las MSF con nuevos conocimientos (t\u00e9cnicos) para supervisar los cambios del sistema, as\u00ed como las causas probables y las consecuencias futuras de las tendencias. Estas aportaciones son un complemento de otras formas de conocimiento, en particular, el adquirido sobre la din\u00e1mica del sistema a trav\u00e9s de las redes de una intervenci\u00f3n.<\/p>\n\n\n\n<div style=\"height:39px\" aria-hidden=\"true\" class=\"wp-block-spacer\"><\/div>\n\n\n\n<h1 class=\"wp-block-heading\">\u00bfQuiere saber m\u00e1s?<\/h1>\n\n\n\n<ul class=\"wp-block-list\">\n<li>Vea nuestra serie <a href=\"https:\/\/landscapesfuture.org\/es\/landscapes-in-practice\/\" data-type=\"URL\" data-id=\"https:\/\/landscapesfuture.org\/landscapes-in-practice\/\" target=\"_blank\" rel=\"noreferrer noopener\">Paisajes en la pr\u00e1ctica<\/a><\/li>\n\n\n\n<li>Dir\u00edjase a nuestro Knowledge Hub en cualquier momento para obtener conocimientos relacionados con FMP, adem\u00e1s de noticias y eventos del programa Paisajes para nuestro futuro:<\/li>\n<\/ul>\n\n\n\n<figure class=\"wp-block-image size-large is-style-default\"><a href=\"https:\/\/landscapesfuture.org\/es\/noticias\/\" target=\"_blank\" rel=\"noopener\"><img loading=\"lazy\" decoding=\"async\" width=\"1024\" height=\"409\" src=\"https:\/\/landscapesfuture.org\/wp-content\/uploads\/2024\/05\/Screenshot-2024-05-04-at-08.44.27-1024x409.png\" alt=\"\" class=\"wp-image-11353\" srcset=\"https:\/\/landscapesfuture.org\/wp-content\/uploads\/2024\/05\/Screenshot-2024-05-04-at-08.44.27-1024x409.png 1024w, https:\/\/landscapesfuture.org\/wp-content\/uploads\/2024\/05\/Screenshot-2024-05-04-at-08.44.27-300x120.png 300w, https:\/\/landscapesfuture.org\/wp-content\/uploads\/2024\/05\/Screenshot-2024-05-04-at-08.44.27-768x307.png 768w, https:\/\/landscapesfuture.org\/wp-content\/uploads\/2024\/05\/Screenshot-2024-05-04-at-08.44.27-1536x614.png 1536w, https:\/\/landscapesfuture.org\/wp-content\/uploads\/2024\/05\/Screenshot-2024-05-04-at-08.44.27-2048x818.png 2048w\" sizes=\"auto, (max-width: 1024px) 100vw, 1024px\" \/><\/a><\/figure>\n","protected":false},"excerpt":{"rendered":"<p>Definimos GIP como un proceso para fomentar la sostenibilidad y la resiliencia co-creadas en los paisajes a trav\u00e9s de estrategias adaptativas, inclusivas e integradoras\u00bb. Al pensar en la GIP como un proceso , nos hemos centrado en c\u00f3mo podr\u00eda ser, reconociendo al mismo tiempo que una gran diversidad de variables influir\u00e1n en los paisajes y [&hellip;]<\/p>\n","protected":false},"author":19,"featured_media":11036,"parent":4878,"menu_order":0,"comment_status":"closed","ping_status":"closed","template":"templates\/template-page-gutenberg.php","meta":{"inline_featured_image":false,"footnotes":"","_links_to":"","_links_to_target":""},"class_list":["post-11564","page","type-page","status-publish","has-post-thumbnail","hentry"],"_links":{"self":[{"href":"https:\/\/landscapesfuture.org\/es\/wp-json\/wp\/v2\/pages\/11564","targetHints":{"allow":["GET"]}}],"collection":[{"href":"https:\/\/landscapesfuture.org\/es\/wp-json\/wp\/v2\/pages"}],"about":[{"href":"https:\/\/landscapesfuture.org\/es\/wp-json\/wp\/v2\/types\/page"}],"author":[{"embeddable":true,"href":"https:\/\/landscapesfuture.org\/es\/wp-json\/wp\/v2\/users\/19"}],"replies":[{"embeddable":true,"href":"https:\/\/landscapesfuture.org\/es\/wp-json\/wp\/v2\/comments?post=11564"}],"version-history":[{"count":5,"href":"https:\/\/landscapesfuture.org\/es\/wp-json\/wp\/v2\/pages\/11564\/revisions"}],"predecessor-version":[{"id":14442,"href":"https:\/\/landscapesfuture.org\/es\/wp-json\/wp\/v2\/pages\/11564\/revisions\/14442"}],"up":[{"embeddable":true,"href":"https:\/\/landscapesfuture.org\/es\/wp-json\/wp\/v2\/pages\/4878"}],"wp:featuredmedia":[{"embeddable":true,"href":"https:\/\/landscapesfuture.org\/es\/wp-json\/wp\/v2\/media\/11036"}],"wp:attachment":[{"href":"https:\/\/landscapesfuture.org\/es\/wp-json\/wp\/v2\/media?parent=11564"}],"curies":[{"name":"wp","href":"https:\/\/api.w.org\/{rel}","templated":true}]}}